{"id":258,"date":"2018-01-22T10:17:40","date_gmt":"2018-01-22T14:17:40","guid":{"rendered":"http:\/\/ayuntamiento.o\/transparencia\/?page_id=258"},"modified":"2022-07-22T10:05:59","modified_gmt":"2022-07-22T14:05:59","slug":"responsable-de-acceso-a-la-informacion","status":"publish","type":"page","link":"https:\/\/ayuntamientooviedo.gob.do\/transparencia\/responsable-de-acceso-a-la-informacion\/","title":{"rendered":"Responsable de Acceso a la Informaci\u00f3n"},"content":{"rendered":"<p><span style=\"font-size: 14pt\">Sr. Maicol Javier Terrero Feliz<\/span><br \/>\n<span style=\"font-size: 14pt\">Responsable de Acceso a la Informaci\u00f3n (RAI)<\/span><br \/>\n<span style=\"font-size: 14pt\">Tel\u00e9fonos: 829-907-4807 y 809-252-1912<\/span><br \/>\n<span style=\"font-size: 14pt\">Correro: maicol.terrero@ayuntamientooviedo.gob.do<\/span><br \/>\n<span style=\"font-size: 14pt\">Direcci\u00f3n: Calle Duarte #29, Oviedo, Pedernales<\/span><\/p>\n","protected":false},"excerpt":{"rendered":"Sr. Maicol Javier Terrero Feliz Responsable de Acceso a la Informaci\u00f3n (RAI) Tel\u00e9fonos: 829-907-4807 y 809-252-1912 Correro: maicol.terrero@ayuntamientooviedo.gob.do Direcci\u00f3n: Calle Duarte #29, Oviedo, Pedernales","protected":false},"author":3,"featured_media":0,"parent":0,"menu_order":0,"comment_status":"closed","ping_status":"closed","template":"","meta":[],"_links":{"self":[{"href":"https:\/\/ayuntamientooviedo.gob.do\/transparencia\/wp-json\/wp\/v2\/pages\/258"}],"collection":[{"href":"https:\/\/ayuntamientooviedo.gob.do\/transparencia\/wp-json\/wp\/v2\/pages"}],"about":[{"href":"https:\/\/ayuntamientooviedo.gob.do\/transparencia\/wp-json\/wp\/v2\/types\/page"}],"author":[{"embeddable":true,"href":"https:\/\/ayuntamientooviedo.gob.do\/transparencia\/wp-json\/wp\/v2\/users\/3"}],"replies":[{"embeddable":true,"href":"https:\/\/ayuntamientooviedo.gob.do\/transparencia\/wp-json\/wp\/v2\/comments?post=258"}],"version-history":[{"count":5,"href":"https:\/\/ayuntamientooviedo.gob.do\/transparencia\/wp-json\/wp\/v2\/pages\/258\/revisions"}],"predecessor-version":[{"id":856,"href":"https:\/\/ayuntamientooviedo.gob.do\/transparencia\/wp-json\/wp\/v2\/pages\/258\/revisions\/856"}],"wp:attachment":[{"href":"https:\/\/ayuntamientooviedo.gob.do\/transparencia\/wp-json\/wp\/v2\/media?parent=258"}],"curies":[{"name":"wp","href":"https:\/\/api.w.org\/{rel}","templated":true}]}}